{"id":24,"date":"2019-01-04T13:13:32","date_gmt":"2019-01-04T12:13:32","guid":{"rendered":"http:\/\/epionier.imaggo-work.pl\/?page_id=24"},"modified":"2026-05-07T10:33:43","modified_gmt":"2026-05-07T08:33:43","slug":"protolab","status":"publish","type":"page","link":"https:\/\/excento.pl\/e-pionier\/protolab\/","title":{"rendered":"ProtoLab"},"content":{"rendered":"\n\t<h2>\n\t\t\t\tInwestorzy\n\t\t\t<\/h2>\n\t\t<br \/>\n\t<h3>\n\t\t\t\tCzym jest ProtoLab?\n\t\t\t<\/h3>\n\t\t<p>ProtoLab to ca\u0142odobowe, nowoczesne pracownie wyposa\u017cone w urz\u0105dzenia do testowania rozwi\u0105za\u0144 z bran\u017cy technologii informacyjno-komunikacyjnych ICT. Laboratoria posiadaj\u0105 infrastruktur\u0119 techniczn\u0105 umo\u017cliwiaj\u0105c\u0105 opracowanie i wykonanie dowolnego prototypu.\u00a0ProtoLab to idealne rozwi\u0105zanie dla os\u00f3b, kt\u00f3re potrzebuj\u0105 ciszy i spokoju w pracy, ale nie chc\u0105 rezygnowa\u0107 z kontakt\u00f3w z drugim cz\u0142owiekiem. To miejsce, w kt\u00f3rym ka\u017cdy ma szans\u0119 na wydajn\u0105 prac\u0119 w nowoczesnym otoczeniu.\u00a0ProtoLab to miejsca spotka\u0144, pracy oraz wymiany wiedzy i do\u015bwiadcze\u0144 \u015brodowiska startupowego, skupiaj\u0105ce mentor\u00f3w z r\u00f3\u017cnych dziedzin.\u00a0ProtoLab to tak\u017ce bezp\u0142atne szkolenia z druku 3D, lutowania, obs\u0142ugi tokarki oraz plotera.\u00a0<\/p>\t\n\t\t\t\t<img loading=\"lazy\" src=\"https:\/\/excento.pl\/e-pionier\/wp-content\/uploads\/2021\/01\/3-scaled.jpg\" alt=\"3\" itemprop=\"image\" height=\"1883\" width=\"2560\" title=\"3\" onerror=\"this.style.display='none'\"  \/>\n\t<h3>\n\t\t\t\tPracownie:\n\t\t\t<\/h3>\n\t\t<p><strong>ProtoLab <\/strong>oddany do dyspozycji u\u017cytkownik\u00f3w w <br \/>2018 roku, oferuje mo\u017cliwo\u015b\u0107 testowania rozwi\u0105za\u0144 z bran\u017cy technologii informacyjno-komunikacyjnych ICT. Prototypowni\u0119 wyposa\u017cono w r\u00f3\u017cnego rodzaju urz\u0105dzenia, w tym oscyloskopy, generatory, mierniki, obci\u0105\u017cenia oraz oprogramowanie. Nie zabrak\u0142o te\u017c stanowisk lutowniczych, narz\u0119dzi oraz drukarek 3D.<strong>ProtoLab II<\/strong>\u00a0to kompleksowo wyposa\u017cony warsztat, oferuj\u0105cy wielkogabarytowe maszyny do obr\u00f3bki drewna i metali, takie jak: ploter CNC, tokarko-frezark\u0119, pras\u0119, stanowisko do druku 3d oraz zaplecze w postaci elektronarz\u0119dzi. ProtoLab II zlokalizowany jest w Gda\u0144skim Parku Naukowo-Techologicznym w przestrzeni pracy tw\u00f3rczej Space4makers, kt\u00f3ra powsta\u0142a na ponad 400 m2 i jest dedykowana dla startup\u00f3w, innowacyjnych przedsi\u0119biorstw oraz wynalazc\u00f3w.<strong>ProtoLab III<\/strong> to specjalistyczna przestrze\u0144 prototypowania Politechniki Gda\u0144skiej, kt\u00f3ra od kwietnia 2025 roku funkcjonuje w nowej lokalizacji przy ulicy Sobieskiego 7. Pracownia koncentruje si\u0119 na rozwoju technologii kosmicznych, rozwi\u0105zaniach rozszerzonej rzeczywisto\u015bci VR oraz zaawansowanym programowaniu. Wyposa\u017cenie laboratorium obejmuje stanowiska do druku 3D w technologii FDM oraz nowoczesn\u0105 drukark\u0119 wielkoformatow\u0105, a tak\u017ce urz\u0105dzenia do \u015bledzenia wzroku i systemy do badania reakcji na bod\u017ace zewn\u0119trzne. Do dyspozycji u\u017cytkownik\u00f3w pozostaj\u0105 zestawy Raspberry Pi i Arduino oraz komputer o wysokiej mocy obliczeniowej przeznaczony do pracy z sieciami neuronowymi. Przestrze\u0144 stanowi uzupe\u0142nienie zasob\u00f3w pierwszego ProtoLabu i umo\u017cliwia korzystanie ze sprz\u0119tu w systemie wirtualnej wypo\u017cyczalni.<\/p>\t\n\t\t\t\t<img loading=\"lazy\" src=\"https:\/\/excento.pl\/e-pionier\/wp-content\/uploads\/2021\/02\/DSC_0925-scaled.jpg\" alt=\"DSC_0925\" itemprop=\"image\" height=\"1709\" width=\"2560\" title=\"DSC_0925\" onerror=\"this.style.display='none'\"  \/>\n\t\t\t\t<img loading=\"lazy\" src=\"https:\/\/excento.pl\/e-pionier\/wp-content\/uploads\/2021\/01\/received_1055064641650499.jpg\" alt=\"received_1055064641650499\" itemprop=\"image\" height=\"1536\" width=\"2048\" title=\"received_1055064641650499\" onerror=\"this.style.display='none'\"  \/>\n\t\t\t\t\t\tInformujemy, \u017ce kodowanie kart dost\u0119pu oraz przyjmowanie dokument\u00f3w odbywa si\u0119 w nast\u0119puj\u0105cych dniach i godzinach:\u00a0<strong>Poniedzia\u0142ki, \u015brody i czwartki<\/strong><br \/><strong>Godziny: 9:00 \u2013 14:00<\/strong>\u00a0Jednocze\u015bnie uprzejmie prosimy o <strong data-start=\"330\" data-end=\"395\">ka\u017cdorazowe poprzedzenie planowanej wizyty wiadomo\u015bci\u0105 e-mail: <a href=\"mailto:protolab@excento.pl\" target=\"_blank\" rel=\"noopener noreferrer\">protolab@excento.pl<\/a><\/strong>\u00a0Zapraszamy do Biura ProtoLAB:<br \/>\u00a0<strong>Al. Zwyci\u0119stwa 27, 80-233 Gda\u0144sk, pok\u00f3j nr 11<\/strong>\u00a0\u00a0\t\t\t\t\t\n\t\t\t\t\t\t<h3><b data-olk-copy-source=\"MessageBody\">Obs\u0142uga spraw w ProtoLab \u00a0\u2013 Serwis JIRA<\/b><\/h3>\u00a0Szanowni Pa\u0144stwo,informujemy, \u017ce wszystkie sprawy zwi\u0105zane z:\u00a0<ul><li>uzyskiwaniem dost\u0119pu do ProtoLab,<\/li><li>odnawianiem dost\u0119pu,<\/li><li>zg\u0142aszaniem awarii,<\/li><li>zg\u0142aszaniem ch\u0119ci uczestnictwa w szkoleniach realizowanych w ProtoLabach,<\/li><\/ul>s\u0105 obs\u0142ugiwane wy\u0142\u0105cznie za po\u015brednictwem serwisu JIRA, dost\u0119pnego pod adresem: <a id=\"LPlnkOWA36c71b0f-9f24-91f4-160a-d615c84afefb\" title=\"https:\/\/zgloszenia.pg.edu.pl\/\" href=\"https:\/\/zgloszenia.pg.edu.pl\/\" target=\"_blank\" rel=\"noopener noreferrer\" data-auth=\"NotApplicable\" data-linkindex=\"0\">zgloszenia.pg.edu.pl<\/a>.\u00a0<b>Logowanie do portalu Zg\u0142oszenia PG<\/b>Aby uzyska\u0107 dost\u0119p do systemu, nale\u017cy zalogowa\u0107 si\u0119 odpowiednim loginem:<ul><li><b>Pracownicy PG<\/b>: login w postaci\u00a0<b>loginPG@pg.edu.pl<\/b>.<\/li><li><b>Studenci PG<\/b>: login w postaci\u00a0<b>s[numer_albumu]@student.pg.edu.pl<\/b>.<\/li><li><b>U\u017cytkownicy spoza systemu Moja PG<\/b>: loginem jest adres e-mail spoza domeny\u00a0<b>pg.edu.pl<\/b>, u\u017cyty podczas zak\u0142adania konta. W takim przypadku nale\u017cy klikn\u0105\u0107 opcj\u0119\u00a0<b>&#8220;Zarejestruj si\u0119&#8221;<\/b>\u00a0na stronie portalu.<\/li><\/ul><b>Jak zg\u0142asza\u0107 sprawy?<\/b>\u00a0<ol start=\"1\"><li>Po zalogowaniu do systemu wybierz odpowiedni\u0105 kategori\u0119 zg\u0142oszenia:<ul><li>&#8220;Uzyskanie dost\u0119pu&#8221;<\/li><li>&#8220;Odnawianie dost\u0119pu&#8221;<\/li><li>&#8220;Zg\u0142oszenie awarii&#8221;<\/li><li>&#8220;Ch\u0119\u0107 uczestnictwa w projekcie&#8221;<\/li><\/ul><\/li><li>Wype\u0142nij formularz i prze\u015blij zg\u0142oszenie.<\/li><li>Monitoruj status swojej sprawy, loguj\u0105c si\u0119 na portal.<\/li><\/ol><p>\u00a0<strong>W ramach dzia\u0142alno\u015bci ProtoLab organizujemy dla uczestnik\u00f3w szkolenia z druku 3D oraz obs\u0142ugi maszyn ci\u0119\u017ckich<\/strong><\/p>\t\t\t\t\t\n\t\t\t\t<img loading=\"lazy\" src=\"https:\/\/excento.pl\/e-pionier\/wp-content\/uploads\/2021\/01\/1-1-scaled.jpg\" alt=\"1\" itemprop=\"image\" height=\"1720\" width=\"2560\" title=\"1\" onerror=\"this.style.display='none'\"  \/>\n\t\t\t\t<img loading=\"lazy\" src=\"https:\/\/excento.pl\/e-pionier\/wp-content\/uploads\/2021\/02\/DSC_0893-scaled.jpg\" alt=\"DSC_0893\" itemprop=\"image\" height=\"1709\" width=\"2560\" title=\"DSC_0893\" onerror=\"this.style.display='none'\"  \/>\n\t\t\t\t<img src=\"http:\/\/epionier.imaggo-work.pl\/wp-content\/uploads\/2019\/01\/DSC_8579-kopia.jpg\" alt=\"DSC_8579-kopia\" itemprop=\"image\" title=\"DSC_8579-kopia\" onerror=\"this.style.display='none'\"  \/>\n\t<h3>\n\t\t\t\tSprz\u0119t\n\t\t\t<\/h3>\n\t\t<p><strong>22 stanowiska pracy:<\/strong><strong>ProtoLab<\/strong><ul><li>stanowisko miernicze wsp\u00f3\u0142rz\u0119dno\u015bciowe<\/li><li>stanowiska miernicze elektroniczne<\/li><li>stanowiska projektowe<\/li><li>stanowiska lutownicze<\/li><li>stanowiska druku 3D<\/li><li>stanowisko Matlab + Simulink<\/li><\/ul>oraz<ul><li>przestrze\u0144 konferencyjno-coworkingowa wyposa\u017cona w sprz\u0119t multimedialny<\/li><li>strefa chillout<\/li><\/ul><a href=\"\/e-pionier\/wp-content\/uploads\/2019\/01\/szczegolowa_specyfikacja_sprzetu_-protolab.pdf\" target=\"_blank\" rel=\"noopener noreferrer\">Szczeg\u00f3\u0142owa specyfikacja techniczna sprz\u0119tu dost\u0119pnego w ProtoLab (do pobrania)<\/a>\u00a0<strong>ProtoLab II<\/strong><ul><li>frezarka CNC<\/li><li>tokarka<\/li><li>frezarko-wiertarka<\/li><li>zaginarka do blachy<\/li><li>przecinarka ta\u015bmowa<\/li><li>prasa r\u0119czna<\/li><li>szlifierka sto\u0142owa<\/li><li>wiertarka sto\u0142owa<\/li><li>kompresor t\u0142okowy<\/li><li>drukarki 3D<\/li><\/ul>\u00a0<strong>ProtoLab III<\/strong><ul><li>Microsoft Xbox + Kinect<\/li><li>kamera GoPro Hero8<\/li><li>kamera \u015bledz\u0105ca wzrok &#8211; Tobii Eye Tracker 4C<\/li><li>kask neuronowy &#8211; Biosensing R&amp;D Bundle<\/li><li>kamery termowizyjne<\/li><li>czujniki ruchu<\/li><li>Intel RealSense Depth Camera D435i<\/li><li>skaner 3D r\u0119czny PRO 2.0<\/li><li>Oculus Rift S<\/li><li>HTC VIVE Pro Full Kit<\/li><li>Nokia ZEISS VR One Plus<\/li><li>Electrode Cap Starter Kit<\/li><li>wysoko obliczeniowy komputer<\/li><li>r\u00f3\u017cne konfiguracje platform Raspberry Pi oraz Arduino<\/li><li>drukarka FDM<\/li><li>drukarka na \u017cywic\u0119<\/li><\/ul>oraz<ul><li>sprz\u0119t multimedialny<\/li><li>strefa chillout<\/li><\/ul><a href=\"https:\/\/excento.pl\/e-pionier\/wp-content\/uploads\/2021\/04\/Szczegolowa-lista-wyposazenia-Protolab-III.pdf\" target=\"_blank\" rel=\"noopener noreferrer\">Szczeg\u00f3\u0142owa specyfikacja techniczna sprz\u0119tu dost\u0119pnego w ProtoLab III (do pobrania)<\/a><\/p>\t\n\t<h3>\n\t\t\t\tKto mo\u017ce korzysta\u0107 z ProtoLab?\n\t\t\t<\/h3>\n\t\t<ul><li>studenci Politechniki Gda\u0144skiej, pisz\u0105cy prac\u0119 dyplomow\u0105 licencjack\u0105\/ in\u017cyniersk\u0105\/magistersk\u0105 lub prac\u0119 doktorsk\u0105,<\/li><li><ul><li>studenci Politechniki Gda\u0144skiej, wykonuj\u0105cy projekt grupowy lub indywidualny,<\/li><\/ul><\/li><\/ul><ul><li><ul><li>studenci Politechniki Gda\u0144skiej, zrzeszeni w kole naukowym,<\/li><\/ul><\/li><\/ul><ul><li>pracownicy Politechniki Gda\u0144skiej zatrudnieni na umow\u0119 o prac\u0119.<\/li><\/ul>\t\n\t\t\t\t<img src=\"http:\/\/epionier.imaggo-work.pl\/wp-content\/uploads\/2019\/01\/DSC00049_popr-kopia.jpg\" alt=\"DSC00049_popr-kopia\" itemprop=\"image\" title=\"DSC00049_popr-kopia\" onerror=\"this.style.display='none'\"  \/>\n\t\t\t\t<img loading=\"lazy\" src=\"https:\/\/excento.pl\/e-pionier\/wp-content\/uploads\/2021\/02\/DSC_0862-scaled.jpg\" alt=\"DSC_0862\" itemprop=\"image\" height=\"1709\" width=\"2560\" title=\"DSC_0862\" onerror=\"this.style.display='none'\"  \/>\n\t\t\t\t<img loading=\"lazy\" src=\"https:\/\/excento.pl\/e-pionier\/wp-content\/uploads\/2021\/02\/DSC_0891-scaled.jpg\" alt=\"DSC_0891\" itemprop=\"image\" height=\"1709\" width=\"2560\" title=\"DSC_0891\" onerror=\"this.style.display='none'\"  \/>\n\t<h3>\n\t\t\t\tJak uzyska\u0107 dost\u0119p do ProtoLab\n\t\t\t<\/h3>\n\t\t<ul><li><ul><li>Wype\u0142ni\u0107 wniosek dost\u0119pu i dostarczy\u0107 go do Biura ProtoLab <a href=\"https:\/\/excento.pl\/e-pionier\/wp-content\/uploads\/2021\/04\/Wzor-wniosku-dostepu-do-Protolab.docx\" target=\"_blank\" rel=\"noopener noreferrer\">(wz\u00f3r wniosku do pobrania)<\/a><\/li><\/ul><\/li><\/ul><ul><li><ul><li>Przedstawi\u0107 wa\u017cn\u0105 polis\u0119 ubezpieczeniow\u0105 zgodnie z warunkami opisanymi w Regulaminie ProtoLab <a href=\"https:\/\/excento.pl\/e-pionier\/wp-content\/uploads\/2021\/05\/Warunki-uzyskania-ubezpieczenia-PROTOLAB-EXCENTO-13.05.2021-1.pdf\" target=\"_blank\" rel=\"noopener noreferrer\"> (warunki uzyskania ubezpieczenia do pobrania)<\/a><\/li><\/ul><\/li><\/ul><ul><li><ul><li>Przedstawi\u0107 podpisane o\u015bwiadczenie o zapoznaniu si\u0119 z Regulaminem ProtoLab oraz instrukcj\u0105 BHP (<a href=\"http:\/\/excento.pl\/e-pionier\/wp-content\/uploads\/2019\/03\/o\u015bwiadczenie-BHP.docx\">wz\u00f3r wniosku do pobrania<\/a>), jak r\u00f3wnie\u017c podpisan\u0105 zgod\u0119 na przetwarzanie danych osobowych na potrzeby komunikacji marketingowej <a href=\"http:\/\/excento.pl\/e-pionier\/wp-content\/uploads\/2019\/11\/Protolab_wz\u00f3r-zgody-komunikacja-marketingowa.pdf\">(wz\u00f3r zgody do pobrania)<\/a><\/li><\/ul><\/li><\/ul><ul><li>W przypadku potrzeby wydania nowej elektronicznej karty dost\u0119pu wymagane jest uiszczenie kaucji zwrotnej w wysoko\u015bci 30 z\u0142.<\/li><\/ul><p>Dokumenty nale\u017cy dostarczy\u0107 do Biura ProtoLab al. Zwyci\u0119stwa 27, 80-233 Gda\u0144sk, pok. nr 20 (I pi\u0119tro)<strong>Aby swobodnie korzysta\u0107 z ProtoLabu po godz. 15:30 w dni powszednie, \u015bwi\u0119ta lub w weekendy nale\u017cy wys\u0142a\u0107 e-maila na adres: protolab@excento.pl i zg\u0142osi\u0107 ten fakt do godz. 14:00. Osoby, kt\u00f3re nie zg\u0142osz\u0105 takiej ch\u0119ci, zgodnie z regulaminem prototypowni nie b\u0119d\u0105 mog\u0142y z niej korzysta\u0107.<\/strong><\/p>\t\n\t\t\t\t<img loading=\"lazy\" src=\"https:\/\/excento.pl\/e-pionier\/wp-content\/uploads\/2026\/05\/plakat_PROTOLAB.jpg\" alt=\"plakat_PROTOLAB\" itemprop=\"image\" height=\"2526\" width=\"1787\" title=\"plakat_PROTOLAB\" onerror=\"this.style.display='none'\"  \/>\n\t\t\t\t<img loading=\"lazy\" src=\"https:\/\/excento.pl\/e-pionier\/wp-content\/uploads\/2026\/05\/oferta_PROTOLAB_strona2.jpg\" alt=\"oferta_PROTOLAB_strona2\" itemprop=\"image\" height=\"2526\" width=\"1788\" title=\"oferta_PROTOLAB_strona2\" onerror=\"this.style.display='none'\"  \/>\n\t\t\t\t<img loading=\"lazy\" src=\"https:\/\/excento.pl\/e-pionier\/wp-content\/uploads\/2021\/01\/received_1055064641650499-1.jpg\" alt=\"received_1055064641650499\" itemprop=\"image\" height=\"1536\" width=\"2048\" title=\"received_1055064641650499\" onerror=\"this.style.display='none'\"  \/>\n\t\t\t\t<img src=\"http:\/\/epionier.imaggo-work.pl\/wp-content\/uploads\/2019\/01\/DSC00015-kopia.jpg\" alt=\"DSC00015-kopia\" itemprop=\"image\" title=\"DSC00015-kopia\" onerror=\"this.style.display='none'\"  \/>\n\t<h3>\n\t\t\t\tDokumenty do pobrania\n\t\t\t<\/h3>\n\t\t<p><strong>Instrukcje og\u00f3lne<\/strong><ul><li><a href=\"https:\/\/excento.pl\/e-pionier\/wp-content\/uploads\/2021\/04\/Rgulamin_ProtoLab_I-i-III.pdf\">Regulamin ProtoLab I i III<\/a><\/li><li><a href=\"https:\/\/excento.pl\/e-pionier\/wp-content\/uploads\/2021\/04\/Regulamin-Protolab-II.pdf\">Regulamin ProtoLab II<\/a><\/li><li><a href=\"https:\/\/excento.pl\/e-pionier\/wp-content\/uploads\/2025\/09\/Regulamin-Space4Makers-2025.pdf\">Regulamin Space4Makers 2025<\/a><\/li><li><a href=\"https:\/\/excento.pl\/e-pionier\/wp-content\/uploads\/2021\/04\/Wzor-wniosku-dostepu-do-Protolab.docx\" target=\"_blank\" rel=\"noopener noreferrer\">Wniosek dost\u0119pu do ProtoLab<\/a><\/li><li><a href=\"https:\/\/excento.pl\/e-pionier\/wp-content\/uploads\/2021\/04\/Oswiadzczenie-Protolab-II.docx\">O\u015bwiadczenie ProtoLab II<\/a><\/li><li><a href=\"https:\/\/excento.pl\/e-pionier\/wp-content\/uploads\/2021\/04\/oswiadczenie-BHP-.docx\">O\u015bwiadczenie BHP<\/a><\/li><li><a href=\"https:\/\/excento.pl\/e-pionier\/wp-content\/uploads\/2021\/04\/Instrukcja-BHP.docx\" target=\"_blank\" rel=\"noopener noreferrer\">Instrukcja BHP<\/a><\/li><li><a href=\"https:\/\/excento.pl\/e-pionier\/wp-content\/uploads\/2021\/05\/Warunki-uzyskania-ubezpieczenia-PROTOLAB-EXCENTO-13.05.2021-1.pdf\" target=\"_blank\" rel=\"noopener noreferrer\">Warunki uzyskania ubezpieczenia<\/a><\/li><li><a href=\"\/e-pionier\/wp-content\/uploads\/2019\/01\/oswiadczenie_ubezpieczenie.docx\" target=\"_blank\" rel=\"noopener noreferrer\">O\u015bwiadczenie ubezpieczenie<\/a><\/li><li><a href=\"https:\/\/excento.pl\/e-pionier\/wp-content\/uploads\/2021\/04\/Zgoda-na-przetwarzanie-danych-osobowych-.docx\">Zgoda na przetwarzanie danych osobowych na potrzeby komunikacji marketingowej<\/a><\/li><li><a href=\"https:\/\/excento.pl\/e-pionier\/wp-content\/uploads\/2021\/04\/Klauzula-informacyjna-RODO.docx\">Klauzula informacyjna RODO<\/a><\/li><\/ul><strong>Instrukcje bezpiecze\u0144stwa<\/strong><ul><li><a href=\"\/e-pionier\/wp-content\/uploads\/2019\/01\/instrukcja_bezpieczenstwa.pdf\" target=\"_blank\" rel=\"noopener noreferrer\">Instrukcje bezpiecze\u0144stwa<\/a><\/li><li><a href=\"\/e-pionier\/wp-content\/uploads\/2019\/01\/instrukcja-bhp-przy-obs\u0142udze-drukarki-3d.pdf\" target=\"_blank\" rel=\"noopener noreferrer\">Instrukcja BHP przy obs\u0142udze drukarki 3D\u00a0<\/a><\/li><li><a href=\"https:\/\/excento.pl\/e-pionier\/wp-content\/uploads\/2021\/01\/IBHP-frezarka-CNC.pdf\">Instrukcja BHP frezarka<\/a><\/li><li><a href=\"https:\/\/excento.pl\/e-pionier\/wp-content\/uploads\/2021\/01\/IBHP-przecinarka-tarczowa.pdf\">Instrukcja BHP\u00a0przecinarka tarczowa<\/a><\/li><li><a href=\"https:\/\/excento.pl\/e-pionier\/wp-content\/uploads\/2021\/01\/IBHP-przecinarka-tasmowa.pdf\">Instrukcja BHP przecinarka ta\u015bmowa<\/a><\/li><li><a href=\"https:\/\/excento.pl\/e-pionier\/wp-content\/uploads\/2021\/01\/IBHP-szlifierka-dwutarczowa.pdf\">Instrukcja BHP szlifierka dwutarczowa<\/a><\/li><li><a href=\"https:\/\/excento.pl\/e-pionier\/wp-content\/uploads\/2021\/01\/IBHP-tokarka.pdf\">Instrukcja BHP tokarka<\/a><\/li><li><a href=\"https:\/\/excento.pl\/e-pionier\/wp-content\/uploads\/2021\/01\/IBHP-tokarka.pdf\">Instrukcja BHP wiertarka s\u0142upowa<\/a><\/li><li><a href=\"https:\/\/excento.pl\/e-pionier\/wp-content\/uploads\/2021\/01\/IBHP-tokarka.pdf\">Instrukcja BHP wiertarko- frezarka<\/a><\/li><li><a href=\"https:\/\/excento.pl\/e-pionier\/wp-content\/uploads\/2021\/01\/IBHP-tokarka.pdf\">Instrukcja BHP zagniatarka<\/a><\/li><li><a href=\"https:\/\/excento.pl\/e-pionier\/wp-content\/uploads\/2021\/01\/IBHP-tokarka.pdf\">Instrukcja BHP prasa r\u0119czna<\/a><\/li><li><a href=\"https:\/\/excento.pl\/e-pionier\/wp-content\/uploads\/2021\/01\/IBHP-tokarka.pdf\">Instrukcje obs\u0142ugi urz\u0105dze\u0144<\/a><\/li><li><a href=\"https:\/\/excento.pl\/e-pionier\/wp-content\/uploads\/2021\/01\/IBHP-tokarka.pdf\">Instrukcja BHP narz\u0119dzia r\u0119czne<\/a><\/li><li><a href=\"https:\/\/excento.pl\/e-pionier\/wp-content\/uploads\/2021\/01\/IBHP-tokarka.pdf\">Instrukcja post\u0119powania na wypadek powstania po\u017caru<\/a><\/li><li><a href=\"https:\/\/excento.pl\/e-pionier\/wp-content\/uploads\/2021\/01\/IBHP-tokarka.pdf\">Instrukcja post\u0119powania z substancjami niebezpiecznymi<\/a><\/li><li><a href=\"https:\/\/excento.pl\/e-pionier\/wp-content\/uploads\/2021\/01\/IBHP-tokarka.pdf\">Instrukcja udzielania pierwszej pomocy<\/a><\/li><\/ul><strong>Instrukcje obs\u0142ugi urz\u0105dze\u0144<\/strong><\/p><ul><li><a href=\"\/e-pionier\/wp-content\/uploads\/2019\/01\/515685_an_01_en_gw_instek_gpd_4303s_labor_netzg__195w.pdf\" target=\"_blank\" rel=\"noopener noreferrer\">DC Power Supply<\/a><\/li><li><a href=\"\/e-pionier\/wp-content\/uploads\/2019\/01\/bm850s-manual-text-preprint-r3.pdf\" target=\"_blank\" rel=\"noopener noreferrer\">Brymen<\/a><\/li><li><a href=\"\/e-pionier\/wp-content\/uploads\/2019\/01\/infrareo_ic_heater_user_manual_t962.pdf\" target=\"_blank\" rel=\"noopener noreferrer\">Infrared Ic Heater<\/a><\/li><li><a href=\"\/e-pionier\/wp-content\/uploads\/2019\/01\/int732_pl.pdf\" target=\"_blank\" rel=\"noopener noreferrer\">Aoyue<\/a><\/li><li><a href=\"\/e-pionier\/wp-content\/uploads\/2019\/01\/jbc-cd-bd_manual.pdf\" target=\"_blank\" rel=\"noopener noreferrer\">JBC Compact Soldering Station<\/a><\/li><li><a href=\"\/e-pionier\/wp-content\/uploads\/2019\/01\/productattachments_files_i_d_ld400_id400p_telemeter.pdf\" target=\"_blank\" rel=\"noopener noreferrer\">AIM &amp; Thurlby Thandar Instruments<\/a><\/li><li><a href=\"\/e-pionier\/wp-content\/uploads\/2019\/01\/smd-861dw-english-manual.pdf\" target=\"_blank\" rel=\"noopener noreferrer\">Smd Rework System<\/a><\/li><\/ul>\t\n\t<h3>\n\t\t\t\tLokalizacja ProtoLab\n\t\t\t<\/h3>\n\t<h3>\n\t\t\t\tLokalizacja ProtoLab II\n\t\t\t<\/h3>\n\t<h3>\n\t\t\t\tLokalizacja ProtoLab III\n\t\t\t<\/h3>\n\t<h3>\n\t\t\t\tBiuro ProtoLab Kontakt\n\t\t\t<\/h3>\n\t<iframe src=\"https:\/\/www.google.com\/maps\/embed\/v1\/place?q=Traugutta+99%2C+Gda%C5%84sk%0A&#038;key=AIzaSyD09zQ9PNDNNy9TadMuzRV_UsPUoWKntt8\" aria-hidden=\"true\"><\/iframe>\n\t<iframe src=\"https:\/\/www.google.com\/maps\/embed\/v1\/place?q=Gda%C5%84ski+Park+Naukowo-Technologiczny%2C+Gda%C5%84sk%0A&#038;key=AIzaSyD09zQ9PNDNNy9TadMuzRV_UsPUoWKntt8\" aria-hidden=\"true\"><\/iframe>\n\t<iframe src=\"https:\/\/www.google.com\/maps\/embed\/v1\/place?q=Wydzia%C5%82+Elektrotechniki+i+Automatyki%2C+ul.+Sobieskiego+7%2C+Gda%C5%84sk%0A&#038;key=AIzaSyD09zQ9PNDNNy9TadMuzRV_UsPUoWKntt8\" aria-hidden=\"true\"><\/iframe>\n","protected":false},"excerpt":{"rendered":"<p>Inwestorzy Czym jest ProtoLab? ProtoLab to ca\u0142odobowe, nowoczesne pracownie wyposa\u017cone w urz\u0105dzenia do testowania rozwi\u0105za\u0144 z bran\u017cy technologii informacyjno-komunikacyjnych ICT. Laboratoria posiadaj\u0105 infrastruktur\u0119 techniczn\u0105 umo\u017cliwiaj\u0105c\u0105 opracowanie i wykonanie dowolnego prototypu.\u00a0ProtoLab to idealne rozwi\u0105zanie dla os\u00f3b, kt\u00f3re potrzebuj\u0105 ciszy i spokoju w pracy, ale nie chc\u0105 rezygnowa\u0107 z kontakt\u00f3w z drugim cz\u0142owiekiem. To miejsce, w kt\u00f3rym &hellip;<\/p>\n<p class=\"read-more\"> <a class=\"\" href=\"https:\/\/excento.pl\/e-pionier\/protolab\/\"> <span class=\"screen-reader-text\">ProtoLab<\/span> Czytaj wi\u0119cej \u00bb<\/a><\/p>\n","protected":false},"author":4,"featured_media":0,"parent":0,"menu_order":0,"comment_status":"closed","ping_status":"closed","template":"","meta":[],"_links":{"self":[{"href":"https:\/\/excento.pl\/e-pionier\/wp-json\/wp\/v2\/pages\/24"}],"collection":[{"href":"https:\/\/excento.pl\/e-pionier\/wp-json\/wp\/v2\/pages"}],"about":[{"href":"https:\/\/excento.pl\/e-pionier\/wp-json\/wp\/v2\/types\/page"}],"author":[{"embeddable":true,"href":"https:\/\/excento.pl\/e-pionier\/wp-json\/wp\/v2\/users\/4"}],"replies":[{"embeddable":true,"href":"https:\/\/excento.pl\/e-pionier\/wp-json\/wp\/v2\/comments?post=24"}],"version-history":[{"count":159,"href":"https:\/\/excento.pl\/e-pionier\/wp-json\/wp\/v2\/pages\/24\/revisions"}],"predecessor-version":[{"id":2618,"href":"https:\/\/excento.pl\/e-pionier\/wp-json\/wp\/v2\/pages\/24\/revisions\/2618"}],"wp:attachment":[{"href":"https:\/\/excento.pl\/e-pionier\/wp-json\/wp\/v2\/media?parent=24"}],"curies":[{"name":"wp","href":"https:\/\/api.w.org\/{rel}","templated":true}]}}