{"id":20,"date":"2019-01-04T13:12:10","date_gmt":"2019-01-04T12:12:10","guid":{"rendered":"http:\/\/epionier.imaggo-work.pl\/?page_id=20"},"modified":"2020-10-14T14:39:59","modified_gmt":"2020-10-14T12:39:59","slug":"inwestorzy","status":"publish","type":"page","link":"https:\/\/excento.pl\/e-pionier\/inwestorzy\/","title":{"rendered":"Inwestorzy"},"content":{"rendered":"\n\t<h2>\n\t\t\t\tInwestorzy\n\t\t\t<\/h2>\n\t\t\t\t<img src=\"http:\/\/excento.pl\/e-pionier\/wp-content\/uploads\/2019\/11\/Logo-Speednet-kwadrat-bia\u0142e-t\u0142o.png\" alt=\"Logo Speednet, kwadrat, bia\u0142e t\u0142o\" title=\"Logo Speednet, kwadrat, bia\u0142e t\u0142o\" itemprop=\"image\"\/>\n\t\t\t<h3>SPEEDNET Sp. z o.o.<\/h3><h5>Software House, Gdynia <\/h5>\t\t\t\n\t\t\t\tSPEEDNET to polski software house, kt\u00f3ry od ponad 17 lat\u00a0z powodzeniem realizuje zar\u00f3wno polskie, jak i zagraniczne projekty. Firma zatrudnia oko\u0142o\u00a0130\u00a0programist\u00f3w specjalizuj\u0105cych si\u0119 w\u00a0rozwi\u0105zaniach webowych i aplikacjach mobilnych. Wsp\u00f3\u0142pracuje z firmami z\u00a014 r\u00f3\u017cnych kraj\u00f3w,\u00a0a tworzone przez ni\u0105 oprogramowanie pracuje w wielu sektorach gospodarki.\n\u00a0\nWi\u0119cej o firmie: <a href=\"http:\/\/www.speednet.pl\">www.speednet.pl<\/a>\n\t\t\t\t<img src=\"http:\/\/excento.pl\/e-pionier\/wp-content\/uploads\/2019\/01\/MG_3941.png\" alt=\"MG_3941\" title=\"MG_3941\" itemprop=\"image\"\/>\n\t\t\t<h3>S\u0142awomir Halbryt<\/h3><h5>CEO, Za\u0142o\u017cyciel Sescom S.A.<\/h5>\t\t\t\n\t\t\t\t<p>Biznesmen i charyzmatyczny wizjoner, odpowiedzialny za wytyczanie kierunk\u00f3w rozwoju Sescom S.A., okre\u015blanie zada\u0144 strategicznych oraz koordynacj\u0119 dzia\u0142alno\u015bci poszczeg\u00f3lnych sp\u00f3\u0142ek. Prezes Zarz\u0105du w takich podmiotach jak:<\/p>\n<ul>\n<li>Regionalna Izba Gospodarcza Pomorza,<\/li>\n<li>Ba\u0142tyckie Centrum Transferu Technologii S.A.,<\/li>\n<li>Project Evolution sp. z o.o.<\/li>\n<\/ul>\n<p>Przedsi\u0119biorca, od pocz\u0105tku zwi\u0105zany z budownictwem oraz inwestycjami na rynku nieruchomo\u015bci komercyjnych. Jest trenerem z zakresu zarz\u0105dzania projektami, do niedawna by\u0142 r\u00f3wnie\u017c wyk\u0142adowc\u0105 na studiach podyplomowych Uniwersytetu Gda\u0144skiego oraz studi\u00f3w MBA Wy\u017cszej Szko\u0142y Bankowej w Gda\u0144sku.<\/p>\n\t\t\t\t<img src=\"http:\/\/excento.pl\/e-pionier\/wp-content\/uploads\/bb-plugin\/cache\/\u0141ukasz-Osowski-circle.jpg\" alt=\"\u0141ukasz Osowski\" title=\"\u0141ukasz Osowski\" itemprop=\"image\"\/>\n\t\t\t<h3>\u0141ukasz Osowski<\/h3><h5>CEO, Za\u0142o\u017cyciel IVONA Software Sp. z o.o. <\/h5>\t\t\t\n\t\t\t\t<p>\u0141ukasz Osowski jest wsp\u00f3\u0142za\u0142o\u017cycielem IVONA Software, oraz wsp\u00f3\u0142tw\u00f3rc\u0105 technologii g\u0142osu Amazon Alexa u\u017cywanego przez ponad 100 milion\u00f3w os\u00f3b. W\u00a02013 roku firma ta zosta\u0142a kupiona przez globalnego giganta \u2013 Amazon. Centrum rozwoju tej i innych technologii zatrudniaj\u0105ce kilkaset os\u00f3b nadal zlokalizowane jest na Pomorzu (Gda\u0144sk).<\/p>\n\t\t\t\t<img src=\"http:\/\/excento.pl\/e-pionier\/wp-content\/uploads\/2019\/01\/pobrane-1.jpg\" alt=\"pobrane (1)\" title=\"pobrane (1)\" itemprop=\"image\"\/>\n\t\t\t<h3>Sebastian Paw\u0142owski<\/h3><h5>Viceprezes Komputronik Biznes sp. z o.o.<\/h5>\t\t\t\n\t\t\t\t<p>Sebastian Paw\u0142owski jest absolwentem Politechniki Gda\u0144skiej na kierunku Elektrotechniki i Automatyki. Pracowa\u0142 m.in. w EMAX SA i Sygnity SA. Od ponad 10 lat zwi\u0105zany jest z Grup\u0105 Kapita\u0142ow\u0105 Komputronik. W ramach Komputronik SA zajmowa\u0142 si\u0119 rozwojem rozwi\u0105za\u0144 aplikacyjnych, ze szczeg\u00f3lnym uwzgl\u0119dnieniem system\u00f3w wspieraj\u0105cych i optymalizuj\u0105cych procesy w organizacjach. Nast\u0119pnie rozpocz\u0105\u0142 prac\u0119 w nowopowsta\u0142ej sp\u00f3\u0142ce Movity nale\u017c\u0105cej do Grupy Komputronik \u2013 najpierw jako Wiceprezes, potem jako Prezes Zarz\u0105du. Z pocz\u0105tkiem czerwca 2016r. Sebastian Paw\u0142owski do\u0142\u0105czy\u0142 do Zarz\u0105du Komputronik Biznes, otrzymuj\u0105c funkcj\u0119 Wiceprezesa Sp\u00f3\u0142ki.<\/p>\n\t<h3>\n\t\t\t\tDo\u0142\u0105cz do grona naszych inwestor\u00f3w, zapraszamy!\n\t\t\t<\/h3>\n\t\t\t\t<p><a href=\"\/e-pionier\/wp-content\/uploads\/2019\/01\/umowa_o_wspolpracy_z_inwestorem-1.pdf\" target=\"_blank\" rel=\"noopener noreferrer\">Wz\u00f3r umowy wsp\u00f3\u0142pracy z inwestorem<\/a><\/p>\n","protected":false},"excerpt":{"rendered":"<p>Inwestorzy SPEEDNET Sp. z o.o. Software House, Gdynia SPEEDNET to polski software house, kt\u00f3ry od ponad 17 lat\u00a0z powodzeniem realizuje zar\u00f3wno polskie, jak i zagraniczne projekty. Firma zatrudnia oko\u0142o\u00a0130\u00a0programist\u00f3w specjalizuj\u0105cych si\u0119 w\u00a0rozwi\u0105zaniach webowych i aplikacjach mobilnych. Wsp\u00f3\u0142pracuje z firmami z\u00a014 r\u00f3\u017cnych kraj\u00f3w,\u00a0a tworzone przez ni\u0105 oprogramowanie pracuje w wielu sektorach gospodarki. \u00a0 Wi\u0119cej o firmie: &hellip;<\/p>\n<p class=\"read-more\"> <a class=\"\" href=\"https:\/\/excento.pl\/e-pionier\/inwestorzy\/\"> <span class=\"screen-reader-text\">Inwestorzy<\/span> Czytaj wi\u0119cej \u00bb<\/a><\/p>\n","protected":false},"author":4,"featured_media":0,"parent":0,"menu_order":0,"comment_status":"closed","ping_status":"closed","template":"","meta":[],"_links":{"self":[{"href":"https:\/\/excento.pl\/e-pionier\/wp-json\/wp\/v2\/pages\/20"}],"collection":[{"href":"https:\/\/excento.pl\/e-pionier\/wp-json\/wp\/v2\/pages"}],"about":[{"href":"https:\/\/excento.pl\/e-pionier\/wp-json\/wp\/v2\/types\/page"}],"author":[{"embeddable":true,"href":"https:\/\/excento.pl\/e-pionier\/wp-json\/wp\/v2\/users\/4"}],"replies":[{"embeddable":true,"href":"https:\/\/excento.pl\/e-pionier\/wp-json\/wp\/v2\/comments?post=20"}],"version-history":[{"count":43,"href":"https:\/\/excento.pl\/e-pionier\/wp-json\/wp\/v2\/pages\/20\/revisions"}],"predecessor-version":[{"id":2243,"href":"https:\/\/excento.pl\/e-pionier\/wp-json\/wp\/v2\/pages\/20\/revisions\/2243"}],"wp:attachment":[{"href":"https:\/\/excento.pl\/e-pionier\/wp-json\/wp\/v2\/media?parent=20"}],"curies":[{"name":"wp","href":"https:\/\/api.w.org\/{rel}","templated":true}]}}