{"id":173,"date":"2019-01-10T15:13:31","date_gmt":"2019-01-10T14:13:31","guid":{"rendered":"http:\/\/epionier.imaggo-work.pl\/?page_id=173"},"modified":"2021-02-16T22:47:52","modified_gmt":"2021-02-16T21:47:52","slug":"informacje-i-dokumenty-e-pionier-2","status":"publish","type":"page","link":"https:\/\/excento.pl\/e-pionier\/informacje-i-dokumenty-e-pionier-2\/","title":{"rendered":"Informacje i dokumenty e-Pionier II"},"content":{"rendered":"\n\t<h2>\n\t\t\t\tInformacje i dokumenty II\n\t\t\t<\/h2>\n\t<a href=\"\/e-pionier\/e-pionier-2\" target=\"_self\" rel=\"noopener noreferrer\"><\/a> \n\t\t<h6>Wr\u00f3\u0107 do e-Pionier II<\/h6>\t\t\t\n\t<h3>\n\t\t\t\te-Pionier II\n\t\t\t<\/h3>\n\t\t<p>Niniejszy <a href=\"http:\/\/excento.pl\/e-pionier\/wp-content\/uploads\/2020\/09\/Regulamin-uczestnictwa-w-projekcie-e-Pionier_2.pdf\">Regulamin uczestnictwa w projekcie e-Pionier_2<\/a>\u00a0ma na celu zapewnienie jednolitego i transparentnego systemu wyboru: Problem\u00f3w, Analityk\u00f3w, Product Owner\u00f3w oraz Zespo\u0142\u00f3w interdyscyplinarnych do rozwi\u0105zywania Wyzwa\u0144 w ramach projektu \u201ee-Pionier II &#8211; Wsparcie inwestor\u00f3w z bran\u017cy ICT szans\u0105 na rozw\u00f3j potencja\u0142u uzdolnionych programist\u00f3w\u201d.Integraln\u0105 cz\u0119\u015bci\u0105 powy\u017cszego Regulaminu s\u0105 ni\u017cej wymienione za\u0142\u0105czniki (obligatoryjne wzory dokument\u00f3w do pobrania)<\/p>\t\n\t\t<nav>\n\t\t\t<ul>\n\t\t\t\t\t\t\t\t<li data-index=\"0\">\n\t\t\t\t\t<h5>\n\t\t\t\t\t\t<a href=\"javascript:void(0);\">Kryteria wyboru kandydat\u00f3w<\/a>\n\t\t\t\t\t<\/h5>\n\t\t\t\t<\/li>\n\t\t\t\t\t\t\t\t<li data-index=\"1\">\n\t\t\t\t\t<h5>\n\t\t\t\t\t\t<a href=\"javascript:void(0);\">Dokumenty aplikacyjne<\/a>\n\t\t\t\t\t<\/h5>\n\t\t\t\t<\/li>\n\t\t\t\t\t\t\t\t<li data-index=\"2\">\n\t\t\t\t\t<h5>\n\t\t\t\t\t\t<a href=\"javascript:void(0);\">Dokumenty zawarcia umowy<\/a>\n\t\t\t\t\t<\/h5>\n\t\t\t\t<\/li>\n\t\t\t\t\t\t\t\t<li data-index=\"3\">\n\t\t\t\t\t<h5>\n\t\t\t\t\t\t<a href=\"javascript:void(0);\">Dokumenty realizacji projektu<\/a>\n\t\t\t\t\t<\/h5>\n\t\t\t\t<\/li>\n\t\t\t\t\t\t\t<\/ul>\n\t\t<\/nav>\n\t\t\t\t\t<h5>\n\t\t\t\t\t\t\t\t\t\t\t\tKryteria wyboru kandydat\u00f3w\n\t\t\t\t\t\t\t\t\t\t\t<\/h5>\n\t\t\t\t\t<p><a href=\"http:\/\/excento.pl\/e-pionier\/wp-content\/uploads\/2019\/03\/Kryteria-wyboru-analityk\u00f3w_EP2.pdf\">Kryteria wyboru Analityk\u00f3w<\/a><br \/><a href=\"http:\/\/excento.pl\/e-pionier\/wp-content\/uploads\/2019\/03\/Kryteria-wyboru-Product-Ownera_EP2.pdf\">Kryteria wyboru Product Ownera<\/a><br \/><a href=\"http:\/\/excento.pl\/e-pionier\/wp-content\/uploads\/2020\/09\/Kryteria-wyboru-zespo\u0142\u00f3w_EP2.pdf\">Kryteria wyboru zespo\u0142\u00f3w interdyscyplinarnych<\/a><\/p>\n\t\t\t\t\t<h5>\n\t\t\t\t\t\t\t\t\t\t\t\tDokumenty aplikacyjne\n\t\t\t\t\t\t\t\t\t\t\t<\/h5>\n\t\t\t\t\t<p><strong>Analitycy:<\/strong><br \/><a href=\"http:\/\/excento.pl\/e-pionier\/wp-content\/uploads\/2019\/03\/Formularz_aplikacyjny_analitycy_EP2.docx\">Wz\u00f3r formularza zg\u0142oszeniowego<\/a><br \/><a href=\"http:\/\/excento.pl\/e-pionier\/wp-content\/uploads\/2019\/03\/Za\u0142\u0105cznik-nr-1-do-formularza-CV_EP2.docx\">Wz\u00f3r CV<\/a><\/p>\n<p><strong>Zespo\u0142y interdyscyplinarne, Product Owner:<\/strong><\/p>\n<p>Etap I<br \/><a href=\"http:\/\/excento.pl\/e-pionier\/wp-content\/uploads\/2019\/03\/Formularz-aplikacyjny_EP2.docx\">Wz\u00f3r formularza zg\u0142oszeniowego<\/a><br \/><a href=\"http:\/\/excento.pl\/e-pionier\/wp-content\/uploads\/2019\/03\/Za\u0142\u0105cznik-nr-1-do-formularza-CV_EP2-1.docx\">Wz\u00f3r CV<\/a><br \/><a href=\"http:\/\/excento.pl\/e-pionier\/wp-content\/uploads\/2019\/03\/Za\u0142\u0105cznik-nr-2-do-formularza-Skr\u00f3cony-opis-rozwi\u0105zania.xlsx\"> Skr\u00f3cony opis rozwi\u0105zania<\/a><\/p>\n<p>Etap II<br \/><a href=\"http:\/\/excento.pl\/e-pionier\/wp-content\/uploads\/2019\/03\/Katalog-koszt\u00f3w-kwalifikowalnych_EP2.pdf\">Katalog koszt\u00f3w kwalifikowalnych<\/a><br \/><a href=\"http:\/\/excento.pl\/e-pionier\/wp-content\/uploads\/2019\/04\/wzor_karta_projektu_5.xlsx\">Karta projektu<\/a><br \/><a href=\"http:\/\/excento.pl\/e-pionier\/wp-content\/uploads\/2019\/06\/Wz\u00f3r-o\u015bwiadczenia-dot.-zapewnienia-ci\u0105g\u0142o\u015bci-rozwoju-MVP.docx\">Wz\u00f3r o\u015bwiadczenia dot. zapewnienia ci\u0105g\u0142o\u015bci rozwoju MVP<\/a><\/p>\n<p>Etap III<br \/><a href=\"\/e-pionier\/wp-content\/uploads\/2019\/01\/karta_oceny_projektu-1.pdf\" target=\"_blank\" rel=\"noopener noreferrer\">Karta oceny projektu<\/a><\/p>\n\t\t\t\t\t<h5>\n\t\t\t\t\t\t\t\t\t\t\t\tDokumenty zawarcia umowy\n\t\t\t\t\t\t\t\t\t\t\t<\/h5>\n\t\t\t\t\t<p><strong>Podmiot publiczny:<\/strong><br \/><a href=\"http:\/\/excento.pl\/e-pionier\/wp-content\/uploads\/2019\/03\/Umowao-wsp%C3%B3%C5%82pracy_wz%C3%B3r.docx\">Wz\u00f3r umowy wsp\u00f3\u0142pracy<\/a><br \/><a href=\"http:\/\/excento.pl\/e-pionier\/wp-content\/uploads\/2019\/03\/Za%C5%82%C4%85cznik-nr-1-do-umowy-wsp%C3%B3%C5%82pracy_EP.docx\">Za\u0142\u0105cznik nr 1 &#8211; do umowy wsp\u00f3\u0142pracy &#8211; fiszka problemu<\/a><br \/><a href=\"http:\/\/excento.pl\/e-pionier\/wp-content\/uploads\/2019\/03\/Karta-problemu_EP.docx\">Karta problemu<\/a><br \/><a href=\"http:\/\/excento.pl\/e-pionier\/wp-content\/uploads\/2019\/04\/Protoko%CC%81%C5%82-odbioru-MVP.docx\">Protoko\u0301\u0142 odbioru MVP<\/a><\/p>\n<p><strong>Inwestorzy:<\/strong><br \/><a href=\"http:\/\/excento.pl\/e-pionier\/wp-content\/uploads\/2019\/06\/Umowa-o-wspo\u0301\u0142pracy-z-Inwestorem_EP2.pdf\">Wz\u00f3r umowa o wspo\u0301\u0142pracy z Inwestorem<\/a><\/p>\n<p><strong>Analitycy<\/strong><br \/><a href=\"http:\/\/excento.pl\/e-pionier\/wp-content\/uploads\/2019\/03\/Umowa-zlecenia_EP2.pdf\">Wz\u00f3r umowy zlecenie <\/a><\/p>\n<p><strong>Product Owner, Zesp\u00f3\u0142 interdyscyplinarny<\/strong><br \/><a href=\"\/e-pionier\/wp-content\/uploads\/2019\/01\/wzor_umowy_o_dzielo_wzor-1.pdf\" target=\"_blank\" rel=\"noopener noreferrer\">Wz\u00f3r umowy o dzie\u0142o z Product Ownerem i Zespo\u0142em interdyscyplinarnym<\/a><br \/><a href=\"http:\/\/excento.pl\/e-pionier\/wp-content\/uploads\/2019\/03\/wzor_karta_projektu_4.xlsx\">Za\u0142\u0105cznik nr 1 do Umowy o dzie\u0142o \u2013 karta projektu<\/a><br \/><a href=\"\/e-pionier\/wp-content\/uploads\/2019\/01\/zalacznik_nr_2_doumowy-o-dzielo-deklaracja-wekslowa.docx\" target=\"_blank\" rel=\"noopener noreferrer\">Za\u0142\u0105cznik nr 2 do Umowy o dzie\u0142o &#8211; deklaracja wekslowa<\/a><br \/><a href=\"\/e-pionier\/wp-content\/uploads\/2019\/01\/zalacznik-nr-3-do-umowy-o-dzielo-weksel-in-blanco.docx\">Za\u0142\u0105cznik nr 3 do Umowy o dzie\u0142o \u2013 weksel in blanco<\/a><br \/><a href=\"\/e-pionier\/wp-content\/uploads\/2019\/01\/zalacznik-nr-4-do-umowy-o-dzielo-oswiadczenia-czlonka-zespo\u0142u.docx\" target=\"_blank\" rel=\"noopener noreferrer\">Za\u0142\u0105cznik nr 4 do Umowy o dzie\u0142o \u2013 o\u015bwiadczenie cz\u0142onka zespo\u0142u<\/a><\/p>\n\t\t\t\t\t<h5>\n\t\t\t\t\t\t\t\t\t\t\t\tDokumenty realizacji projektu\n\t\t\t\t\t\t\t\t\t\t\t<\/h5>\n\t\t\t\t\t<p><a href=\"\/e-pionier\/wp-content\/uploads\/2019\/01\/wzor_nr_1_raport-z-realizacji_kamienimilowych_w_etapie.docx\" target=\"_blank\" rel=\"noopener noreferrer\">Wz\u00f3r nr 1 raport z realizacji kamieni milowych w etapie<\/a><br \/><a href=\"http:\/\/excento.pl\/e-pionier\/wp-content\/uploads\/2019\/03\/Wz\u00f3r-nr-2-raport-realizacji-etapu_EP2.xlsx\">Wz\u00f3r nr 2 raport z realizacji etapu_za\u0142\u0105cznik fakultatywny<\/a><br \/><a href=\"http:\/\/excento.pl\/e-pionier\/wp-content\/uploads\/2019\/03\/Wz\u00f3r-nr-3-raport-z-realizacji-umowy_EP2.xlsx\">Wz\u00f3r nr 3 raport z realizacji etapu_za\u0142\u0105cznik fakultatywny<\/a><br \/><a href=\"\/e-pionier\/wp-content\/uploads\/2019\/01\/wzor_nr_4_protokol_odbioru_etapu_wersja-1.00.docx\" target=\"_blank\" rel=\"noopener noreferrer\">Wz\u00f3r nr 4 protok\u00f3\u0142 odbioru etapu<\/a><br \/><a href=\"\/e-pionier\/wp-content\/uploads\/2019\/01\/wzor_nr_5_protokol_-przekazania_sprzetu_wersja_1.00.docx\" target=\"_blank\" rel=\"noopener noreferrer\">Wz\u00f3r nr 5 protok\u00f3\u0142 przekazania sprz\u0119tu<\/a><br \/><a href=\"\/e-pionier\/wp-content\/uploads\/2019\/01\/wzor_nr_6_protokolu_zwrotu_sprzetu_wersja-1.00.docx\" target=\"_blank\" rel=\"noopener noreferrer\">Wz\u00f3r nr 6 protok\u00f3\u0142 zwrotu sprz\u0119tu<\/a><br \/><a href=\"http:\/\/excento.pl\/e-pionier\/wp-content\/uploads\/2019\/07\/Wz\u00f3r-nr-7-\u017c\u0105dania-przekazania-sprz\u0119tu_EP2.docx\">Wz\u00f3r nr 7 \u017c\u0105dania przekazania sprz\u0119tu<\/a><br \/><a href=\"\/e-pionier\/wp-content\/uploads\/2019\/01\/wzor_nr_8_ewidencja_godzin_pracy-1.docx\" target=\"_blank\" rel=\"noopener noreferrer\">Wz\u00f3r nr 8 ewidencja czasu pracy<\/a><\/p>\n<p><a href=\"http:\/\/excento.pl\/e-pionier\/wp-content\/uploads\/2020\/02\/Wz\u00f3r-nr-8-ewidencja-czasu-pracy_EP2_plik-excel.xlsx\">Wz\u00f3r nr 8 ewidencja czasu pracy_EP2_plik excel<\/a><br \/><a href=\"\/e-pionier\/wp-content\/uploads\/2019\/01\/wzor_nr_9_deklaracja_rezygnacji_czlonka_zespolu_wersja-1.00.docx\" target=\"_blank\" rel=\"noopener noreferrer\">Wz\u00f3r nr 9 deklaracja rezygnacji cz\u0142onka zespo\u0142u<\/a><\/p>\n\t\t\t\t\t<!-- \/content -->\n\t<!-- \/tabs -->\n","protected":false},"excerpt":{"rendered":"<p>Informacje i dokumenty II Wr\u00f3\u0107 do e-Pionier II e-Pionier II Niniejszy Regulamin uczestnictwa w projekcie e-Pionier_2\u00a0ma na celu zapewnienie jednolitego i transparentnego systemu wyboru: Problem\u00f3w, Analityk\u00f3w, Product Owner\u00f3w oraz Zespo\u0142\u00f3w interdyscyplinarnych do rozwi\u0105zywania Wyzwa\u0144 w ramach projektu \u201ee-Pionier II &#8211; Wsparcie inwestor\u00f3w z bran\u017cy ICT szans\u0105 na rozw\u00f3j potencja\u0142u uzdolnionych programist\u00f3w\u201d.Integraln\u0105 cz\u0119\u015bci\u0105 powy\u017cszego Regulaminu s\u0105 &hellip;<\/p>\n<p class=\"read-more\"> <a class=\"\" href=\"https:\/\/excento.pl\/e-pionier\/informacje-i-dokumenty-e-pionier-2\/\"> <span class=\"screen-reader-text\">Informacje i dokumenty e-Pionier II<\/span> Czytaj wi\u0119cej \u00bb<\/a><\/p>\n","protected":false},"author":4,"featured_media":0,"parent":0,"menu_order":0,"comment_status":"closed","ping_status":"closed","template":"","meta":[],"_links":{"self":[{"href":"https:\/\/excento.pl\/e-pionier\/wp-json\/wp\/v2\/pages\/173"}],"collection":[{"href":"https:\/\/excento.pl\/e-pionier\/wp-json\/wp\/v2\/pages"}],"about":[{"href":"https:\/\/excento.pl\/e-pionier\/wp-json\/wp\/v2\/types\/page"}],"author":[{"embeddable":true,"href":"https:\/\/excento.pl\/e-pionier\/wp-json\/wp\/v2\/users\/4"}],"replies":[{"embeddable":true,"href":"https:\/\/excento.pl\/e-pionier\/wp-json\/wp\/v2\/comments?post=173"}],"version-history":[{"count":45,"href":"https:\/\/excento.pl\/e-pionier\/wp-json\/wp\/v2\/pages\/173\/revisions"}],"predecessor-version":[{"id":2492,"href":"https:\/\/excento.pl\/e-pionier\/wp-json\/wp\/v2\/pages\/173\/revisions\/2492"}],"wp:attachment":[{"href":"https:\/\/excento.pl\/e-pionier\/wp-json\/wp\/v2\/media?parent=173"}],"curies":[{"name":"wp","href":"https:\/\/api.w.org\/{rel}","templated":true}]}}